{"id":276,"date":"2015-08-04T16:06:25","date_gmt":"2015-08-04T14:06:25","guid":{"rendered":"http:\/\/www.hotelgeerts.be\/?page_id=276"},"modified":"2015-08-04T16:09:59","modified_gmt":"2015-08-04T14:09:59","slug":"hotel-geerts","status":"publish","type":"page","link":"https:\/\/www.hotelgeerts.be\/fr\/","title":{"rendered":"H\u00f4tel restaurant Geerts"},"content":{"rendered":"<p>Quatre g\u00e9n\u00e9rations ont forg\u00e9 le caract\u00e8re propre de l&#8217;H\u00f4tel Geerts.<br \/>\nL&#8217;hospitalit\u00e9 y r\u00e8gne en ma\u00eetre et l&#8217;\u00e9quipe enthousiaste met tout en oeuvre pour vous offrir un s\u00e9jour agr\u00e9able.<\/p>\n","protected":false},"excerpt":{"rendered":"<p>Quatre g\u00e9n\u00e9rations ont forg\u00e9 le caract\u00e8re propre de l&#8217;H\u00f4tel Geerts.<span class=\"readmore\">&#8230;<\/span><\/p>\n","protected":false},"author":1,"featured_media":51,"parent":0,"menu_order":-999,"comment_status":"open","ping_status":"closed","template":"","meta":{"ngg_post_thumbnail":0,"footnotes":""},"class_list":["post-276","page","type-page","status-publish","has-post-thumbnail","hentry"],"_links":{"self":[{"href":"https:\/\/www.hotelgeerts.be\/fr\/wp-json\/wp\/v2\/pages\/276","targetHints":{"allow":["GET"]}}],"collection":[{"href":"https:\/\/www.hotelgeerts.be\/fr\/wp-json\/wp\/v2\/pages"}],"about":[{"href":"https:\/\/www.hotelgeerts.be\/fr\/wp-json\/wp\/v2\/types\/page"}],"author":[{"embeddable":true,"href":"https:\/\/www.hotelgeerts.be\/fr\/wp-json\/wp\/v2\/users\/1"}],"replies":[{"embeddable":true,"href":"https:\/\/www.hotelgeerts.be\/fr\/wp-json\/wp\/v2\/comments?post=276"}],"version-history":[{"count":2,"href":"https:\/\/www.hotelgeerts.be\/fr\/wp-json\/wp\/v2\/pages\/276\/revisions"}],"predecessor-version":[{"id":280,"href":"https:\/\/www.hotelgeerts.be\/fr\/wp-json\/wp\/v2\/pages\/276\/revisions\/280"}],"wp:featuredmedia":[{"embeddable":true,"href":"https:\/\/www.hotelgeerts.be\/fr\/wp-json\/wp\/v2\/media\/51"}],"wp:attachment":[{"href":"https:\/\/www.hotelgeerts.be\/fr\/wp-json\/wp\/v2\/media?parent=276"}],"curies":[{"name":"wp","href":"https:\/\/api.w.org\/{rel}","templated":true}]}}