{"id":278,"date":"2015-08-04T16:07:17","date_gmt":"2015-08-04T14:07:17","guid":{"rendered":"http:\/\/www.hotelgeerts.be\/?page_id=278"},"modified":"2015-08-04T16:13:37","modified_gmt":"2015-08-04T14:13:37","slug":"hotel-fr","status":"publish","type":"page","link":"https:\/\/www.hotelgeerts.be\/fr\/hotel-fr\/","title":{"rendered":"H\u00f4tel"},"content":{"rendered":"<p>Les chambres luxueuses et empreintes de classe vous offrent tout le confort moderne. Wifi gratuit dans tout le b\u00e2timent et le jardin. Salle de bain luxueuse, minibar, t\u00e9l\u00e9phone, TV, radior\u00e9veil, etc&#8230; Les garages et les emplacements de parking sont \u00e0 votre disposition.<\/p>\n<p><p>Invalid Displayed Gallery<\/p><\/p>\n","protected":false},"excerpt":{"rendered":"<p>Les chambres luxueuses et empreintes de classe vous offrent tout<span class=\"readmore\">&#8230;<\/span><\/p>\n","protected":false},"author":1,"featured_media":63,"parent":0,"menu_order":2,"comment_status":"open","ping_status":"closed","template":"","meta":{"ngg_post_thumbnail":0,"footnotes":""},"class_list":["post-278","page","type-page","status-publish","has-post-thumbnail","hentry"],"_links":{"self":[{"href":"https:\/\/www.hotelgeerts.be\/fr\/wp-json\/wp\/v2\/pages\/278","targetHints":{"allow":["GET"]}}],"collection":[{"href":"https:\/\/www.hotelgeerts.be\/fr\/wp-json\/wp\/v2\/pages"}],"about":[{"href":"https:\/\/www.hotelgeerts.be\/fr\/wp-json\/wp\/v2\/types\/page"}],"author":[{"embeddable":true,"href":"https:\/\/www.hotelgeerts.be\/fr\/wp-json\/wp\/v2\/users\/1"}],"replies":[{"embeddable":true,"href":"https:\/\/www.hotelgeerts.be\/fr\/wp-json\/wp\/v2\/comments?post=278"}],"version-history":[{"count":2,"href":"https:\/\/www.hotelgeerts.be\/fr\/wp-json\/wp\/v2\/pages\/278\/revisions"}],"predecessor-version":[{"id":283,"href":"https:\/\/www.hotelgeerts.be\/fr\/wp-json\/wp\/v2\/pages\/278\/revisions\/283"}],"wp:featuredmedia":[{"embeddable":true,"href":"https:\/\/www.hotelgeerts.be\/fr\/wp-json\/wp\/v2\/media\/63"}],"wp:attachment":[{"href":"https:\/\/www.hotelgeerts.be\/fr\/wp-json\/wp\/v2\/media?parent=278"}],"curies":[{"name":"wp","href":"https:\/\/api.w.org\/{rel}","templated":true}]}}