{"id":286,"date":"2015-08-04T16:23:48","date_gmt":"2015-08-04T14:23:48","guid":{"rendered":"http:\/\/www.hotelgeerts.be\/?page_id=286"},"modified":"2019-04-27T16:43:38","modified_gmt":"2019-04-27T14:43:38","slug":"orangerie-fr","status":"publish","type":"page","link":"https:\/\/www.hotelgeerts.be\/fr\/orangerie-fr\/","title":{"rendered":"Orangerie"},"content":{"rendered":"<p>Depuis &#8220;l\u2019Orangerie&#8221; vous jouissez d\u2019une tr\u00e8s belle vue sur le jardin. De quoi vous mettre d\u2019ores et d\u00e9j\u00e0 dans l\u2019ambiance ad\u00e9quate pour d\u00e9guster l\u2019un de nos plats originaux ou de nos succulents desserts. Chaque d\u00eener ou lunch, chaque r\u00e9ception ou r\u00e9union sont agr\u00e9ment\u00e9s de la palette de fleurs et du cadre de verdure.<\/p>\n<h2>Heures d&#8217;ouverture<\/h2>\n<p><strong>Les jours de semaine<\/strong> <strong>(sauf mercredi):<\/strong><\/p>\n<ul>\n<li>permanent de 11hrs jusqu&#8217;\u00e0 23hrs, commander jusqu&#8217;\u00e0 21.30hrs<\/li>\n<\/ul>\n<p><strong>Le samedi:<\/strong><\/p>\n<ul>\n<li>permanent de 11hrs jusqu&#8217;\u00e0 23hrs, commander jusqu&#8217;\u00e0 21.30hrs<\/li>\n<\/ul>\n<p><strong>Le dimanche:<\/strong><\/p>\n<ul>\n<li>permanent de 11hrs jusqu&#8217;\u00e0 21hrs, commander jusqu&#8217;\u00e0 20.30hrs<\/li>\n<\/ul>\n<h2>R\u00e9server possible<\/h2>\n<p>Vous pouvez <a class=\"booking-restaurant\" href=\"https:\/\/www.resengo.com\/Integration\/Book?CompanyId=45899#\/\">r\u00e9server une table<\/a> dans notre bistro &#8220;Orangerie&#8221; pour le diner ou le souper.<br \/>\nNous ne prennons pas de r\u00e9servations si vous souhaitez justement une boisson ou si vous voulez jouir d&#8217;un dessert.<\/p>\n<p>2 semaines en avance maximum.<\/p>\n<p><p>Invalid Displayed Gallery<\/p><\/p>\n","protected":false},"excerpt":{"rendered":"<p>Depuis &#8220;l\u2019Orangerie&#8221; vous jouissez d\u2019une tr\u00e8s belle vue sur le<span class=\"readmore\">&#8230;<\/span><\/p>\n","protected":false},"author":1,"featured_media":208,"parent":0,"menu_order":4,"comment_status":"closed","ping_status":"closed","template":"","meta":{"ngg_post_thumbnail":0,"footnotes":""},"class_list":["post-286","page","type-page","status-publish","has-post-thumbnail","hentry"],"_links":{"self":[{"href":"https:\/\/www.hotelgeerts.be\/fr\/wp-json\/wp\/v2\/pages\/286","targetHints":{"allow":["GET"]}}],"collection":[{"href":"https:\/\/www.hotelgeerts.be\/fr\/wp-json\/wp\/v2\/pages"}],"about":[{"href":"https:\/\/www.hotelgeerts.be\/fr\/wp-json\/wp\/v2\/types\/page"}],"author":[{"embeddable":true,"href":"https:\/\/www.hotelgeerts.be\/fr\/wp-json\/wp\/v2\/users\/1"}],"replies":[{"embeddable":true,"href":"https:\/\/www.hotelgeerts.be\/fr\/wp-json\/wp\/v2\/comments?post=286"}],"version-history":[{"count":7,"href":"https:\/\/www.hotelgeerts.be\/fr\/wp-json\/wp\/v2\/pages\/286\/revisions"}],"predecessor-version":[{"id":591,"href":"https:\/\/www.hotelgeerts.be\/fr\/wp-json\/wp\/v2\/pages\/286\/revisions\/591"}],"wp:featuredmedia":[{"embeddable":true,"href":"https:\/\/www.hotelgeerts.be\/fr\/wp-json\/wp\/v2\/media\/208"}],"wp:attachment":[{"href":"https:\/\/www.hotelgeerts.be\/fr\/wp-json\/wp\/v2\/media?parent=286"}],"curies":[{"name":"wp","href":"https:\/\/api.w.org\/{rel}","templated":true}]}}