{"id":290,"date":"2015-08-04T16:29:55","date_gmt":"2015-08-04T14:29:55","guid":{"rendered":"http:\/\/www.hotelgeerts.be\/?page_id=290"},"modified":"2015-08-04T16:29:55","modified_gmt":"2015-08-04T14:29:55","slug":"en-fete","status":"publish","type":"page","link":"https:\/\/www.hotelgeerts.be\/fr\/en-fete\/","title":{"rendered":"En f\u00eate"},"content":{"rendered":"<p>Nos salons agr\u00e9ables et am\u00e9nag\u00e9es avec classe conviennent parfaitement pour l\u2019organisation de banquets, mariages, f\u00eates de famille et autres \u00e9v\u00e9nements.<\/p>\n<p><p>Invalid Displayed Gallery<\/p><\/p>\n","protected":false},"excerpt":{"rendered":"<p>Nos salons agr\u00e9ables et am\u00e9nag\u00e9es avec classe conviennent parfaitement pour<span class=\"readmore\">&#8230;<\/span><\/p>\n","protected":false},"author":1,"featured_media":268,"parent":0,"menu_order":5,"comment_status":"closed","ping_status":"closed","template":"","meta":{"ngg_post_thumbnail":0,"footnotes":""},"class_list":["post-290","page","type-page","status-publish","has-post-thumbnail","hentry"],"_links":{"self":[{"href":"https:\/\/www.hotelgeerts.be\/fr\/wp-json\/wp\/v2\/pages\/290","targetHints":{"allow":["GET"]}}],"collection":[{"href":"https:\/\/www.hotelgeerts.be\/fr\/wp-json\/wp\/v2\/pages"}],"about":[{"href":"https:\/\/www.hotelgeerts.be\/fr\/wp-json\/wp\/v2\/types\/page"}],"author":[{"embeddable":true,"href":"https:\/\/www.hotelgeerts.be\/fr\/wp-json\/wp\/v2\/users\/1"}],"replies":[{"embeddable":true,"href":"https:\/\/www.hotelgeerts.be\/fr\/wp-json\/wp\/v2\/comments?post=290"}],"version-history":[{"count":1,"href":"https:\/\/www.hotelgeerts.be\/fr\/wp-json\/wp\/v2\/pages\/290\/revisions"}],"predecessor-version":[{"id":291,"href":"https:\/\/www.hotelgeerts.be\/fr\/wp-json\/wp\/v2\/pages\/290\/revisions\/291"}],"wp:featuredmedia":[{"embeddable":true,"href":"https:\/\/www.hotelgeerts.be\/fr\/wp-json\/wp\/v2\/media\/268"}],"wp:attachment":[{"href":"https:\/\/www.hotelgeerts.be\/fr\/wp-json\/wp\/v2\/media?parent=290"}],"curies":[{"name":"wp","href":"https:\/\/api.w.org\/{rel}","templated":true}]}}