{"id":294,"date":"2015-08-04T16:49:09","date_gmt":"2015-08-04T14:49:09","guid":{"rendered":"http:\/\/www.hotelgeerts.be\/?page_id=294"},"modified":"2025-09-25T02:22:59","modified_gmt":"2025-09-25T00:22:59","slug":"prix","status":"publish","type":"page","link":"https:\/\/www.hotelgeerts.be\/fr\/hotel-fr\/prix\/","title":{"rendered":"Prix"},"content":{"rendered":"<table class=\" pricetable\" style=\"width: 81.94947910832306%; height: 180px;\" border=\"0\">\n<thead>\n<tr style=\"height: 60px;\">\n<th style=\"height: 60px;\">2025<\/th>\n<th style=\"text-align: center; height: 60px;\">petit d\u00e9jeuner compris<\/th>\n<th style=\"text-align: center; height: 60px;\">demi-pension<br \/>\n<em>d\u00e8s 3 nuits<br \/>\n<\/em><\/th>\n<th style=\"text-align: center; height: 60px;\">pension compl\u00e8te<br \/>\nd\u00e8s <em>3 nuits<\/em><\/th>\n<\/tr>\n<\/thead>\n<tbody>\n<tr style=\"height: 60px;\">\n<td style=\"height: 60px;\">Chambre double<br \/>\nUsage individuel<\/td>\n<td style=\"text-align: center; height: 60px;\">\u20ac 155<\/td>\n<td style=\"text-align: center; height: 60px;\">\u20ac 190<\/td>\n<td style=\"text-align: center; height: 60px;\">\u20ac 220<\/td>\n<\/tr>\n<tr style=\"height: 40px;\">\n<td style=\"height: 40px;\">Chambre double<\/td>\n<td style=\"text-align: center; height: 40px;\">\u20ac 180<\/td>\n<td style=\"text-align: center; height: 40px;\">\u20ac 245<\/td>\n<td style=\"text-align: center; height: 40px;\">\u20ac 305<\/td>\n<\/tr>\n<tr style=\"height: 20px;\">\n<td style=\"height: 20px;\">Chambre triple<\/td>\n<td style=\"text-align: center; height: 20px;\">\u20ac 230<\/td>\n<td style=\"text-align: center; height: 20px;\">\u20ac 325<\/td>\n<td style=\"text-align: center; height: 20px;\">\u20ac 390<\/td>\n<\/tr>\n<\/tbody>\n<\/table>\n<h2>18 chambres luxueuses \u00e0 quatre \u00e9toiles<\/h2>\n<p>Toutes les chambree discosent de la climatisation, salle de bain et\/ou douche, wc, s\u00e8che-cheveux, LED-tv, t\u00e9l\u00e9phone, radio et coffre fort.<\/p>\n<p>Tout l&#8217;h\u00f4tel est <strong>non-fumeurs<\/strong>.<\/p>\n<p><strong>Internet sans fil gratuit<\/strong>, WiFi, dans toutes les chambres et pi\u00e8ces en commun de l&#8217;h\u00f4tel, aussi sur la terrace et dans le jardin. Usage gratuit de l&#8217;ordinateur connect\u00e9 \u00e0 l&#8217;internet.<\/p>\n<p><strong>Cha\u00eenes de t\u00e9l\u00e9vision digitales<\/strong>.<\/p>\n<p><strong>Atelier Rebul<\/strong> produits de soin, pantoufles.<\/p>\n<p>Machine \u00e0 caf\u00e9<strong> Nespresso avec ses capsules<\/strong> et\u00a0<strong>du th\u00e9 Damman<\/strong> gratuit \u00e0 votre disposition.<\/p>\n<p>Usage libre du mini-bar avec <strong>deux bouteilles d&#8217;eau gratuites<\/strong>.<\/p>\n<p><strong>Animaux domestiques ne sont pas permits<\/strong> dans nos chambres.<\/p>\n<p>Nous acceptons les cartes de cr\u00e9dit suivantes: <strong>VISA<\/strong>, <strong>American Express<\/strong>, <strong>EURO-Mastercard<\/strong>.<\/p>\n<p>Hotel Geerts est ouvert tous les jours.<\/p>\n","protected":false},"excerpt":{"rendered":"<p>2025 petit d\u00e9jeuner compris demi-pension d\u00e8s 3 nuits pension compl\u00e8te<span class=\"readmore\">&#8230;<\/span><\/p>\n","protected":false},"author":1,"featured_media":0,"parent":278,"menu_order":1,"comment_status":"closed","ping_status":"closed","template":"","meta":{"ngg_post_thumbnail":0,"footnotes":""},"class_list":["post-294","page","type-page","status-publish","hentry"],"_links":{"self":[{"href":"https:\/\/www.hotelgeerts.be\/fr\/wp-json\/wp\/v2\/pages\/294","targetHints":{"allow":["GET"]}}],"collection":[{"href":"https:\/\/www.hotelgeerts.be\/fr\/wp-json\/wp\/v2\/pages"}],"about":[{"href":"https:\/\/www.hotelgeerts.be\/fr\/wp-json\/wp\/v2\/types\/page"}],"author":[{"embeddable":true,"href":"https:\/\/www.hotelgeerts.be\/fr\/wp-json\/wp\/v2\/users\/1"}],"replies":[{"embeddable":true,"href":"https:\/\/www.hotelgeerts.be\/fr\/wp-json\/wp\/v2\/comments?post=294"}],"version-history":[{"count":5,"href":"https:\/\/www.hotelgeerts.be\/fr\/wp-json\/wp\/v2\/pages\/294\/revisions"}],"predecessor-version":[{"id":1686,"href":"https:\/\/www.hotelgeerts.be\/fr\/wp-json\/wp\/v2\/pages\/294\/revisions\/1686"}],"up":[{"embeddable":true,"href":"https:\/\/www.hotelgeerts.be\/fr\/wp-json\/wp\/v2\/pages\/278"}],"wp:attachment":[{"href":"https:\/\/www.hotelgeerts.be\/fr\/wp-json\/wp\/v2\/media?parent=294"}],"curies":[{"name":"wp","href":"https:\/\/api.w.org\/{rel}","templated":true}]}}