{"id":303,"date":"2015-08-04T17:05:24","date_gmt":"2015-08-04T15:05:24","guid":{"rendered":"http:\/\/www.hotelgeerts.be\/?page_id=303"},"modified":"2015-08-04T17:05:24","modified_gmt":"2015-08-04T15:05:24","slug":"jardin-terrasse","status":"publish","type":"page","link":"https:\/\/www.hotelgeerts.be\/fr\/orangerie-fr\/jardin-terrasse\/","title":{"rendered":"Jardin &#038; terrasse"},"content":{"rendered":"<p>Dans le jardin magnifique, vous \u00eates les bienvenues. Vous pouvez vous d\u00e9tendre sur la grande terrasse. La gastronomie et la verdure vous permettez de d\u00e9tendre.<\/p>\n<p><p>Invalid Displayed Gallery<\/p><\/p>\n","protected":false},"excerpt":{"rendered":"<p>Dans le jardin magnifique, vous \u00eates les bienvenues. Vous pouvez<span class=\"readmore\">&#8230;<\/span><\/p>\n","protected":false},"author":1,"featured_media":233,"parent":286,"menu_order":1,"comment_status":"closed","ping_status":"closed","template":"","meta":{"ngg_post_thumbnail":0,"footnotes":""},"class_list":["post-303","page","type-page","status-publish","has-post-thumbnail","hentry"],"_links":{"self":[{"href":"https:\/\/www.hotelgeerts.be\/fr\/wp-json\/wp\/v2\/pages\/303","targetHints":{"allow":["GET"]}}],"collection":[{"href":"https:\/\/www.hotelgeerts.be\/fr\/wp-json\/wp\/v2\/pages"}],"about":[{"href":"https:\/\/www.hotelgeerts.be\/fr\/wp-json\/wp\/v2\/types\/page"}],"author":[{"embeddable":true,"href":"https:\/\/www.hotelgeerts.be\/fr\/wp-json\/wp\/v2\/users\/1"}],"replies":[{"embeddable":true,"href":"https:\/\/www.hotelgeerts.be\/fr\/wp-json\/wp\/v2\/comments?post=303"}],"version-history":[{"count":1,"href":"https:\/\/www.hotelgeerts.be\/fr\/wp-json\/wp\/v2\/pages\/303\/revisions"}],"predecessor-version":[{"id":304,"href":"https:\/\/www.hotelgeerts.be\/fr\/wp-json\/wp\/v2\/pages\/303\/revisions\/304"}],"up":[{"embeddable":true,"href":"https:\/\/www.hotelgeerts.be\/fr\/wp-json\/wp\/v2\/pages\/286"}],"wp:featuredmedia":[{"embeddable":true,"href":"https:\/\/www.hotelgeerts.be\/fr\/wp-json\/wp\/v2\/media\/233"}],"wp:attachment":[{"href":"https:\/\/www.hotelgeerts.be\/fr\/wp-json\/wp\/v2\/media?parent=303"}],"curies":[{"name":"wp","href":"https:\/\/api.w.org\/{rel}","templated":true}]}}