{"id":319,"date":"2015-08-04T17:12:28","date_gmt":"2015-08-04T15:12:28","guid":{"rendered":"http:\/\/www.hotelgeerts.be\/?page_id=319"},"modified":"2020-06-24T10:01:47","modified_gmt":"2020-06-24T08:01:47","slug":"reserver-orangerie","status":"publish","type":"page","link":"https:\/\/www.hotelgeerts.be\/fr\/orangerie-fr\/reserver-orangerie\/","title":{"rendered":"R\u00e9server"},"content":{"rendered":"<div id=\"resengo-booknow\"><script type=\"text\/javascript\" src=\"\/\/www.resengo.com\/WID\/Widget\/Cors\"><\/script><script>bookNow({companyID: '45899', target: '#resengo-booknow', language: 'fr'});<\/script><\/div>\n<p style=\"text-align: center;\">&nbsp;<\/p>\n<p style=\"text-align: center;\"><strong>Attention<\/strong> \u2014 Votre r\u00e9servation n&#8217;est valable qu&#8217;apr\u00e8s notre r\u00e9servation.<\/p>\n","protected":false},"excerpt":{"rendered":"<p>&nbsp; Attention \u2014 Votre r\u00e9servation n&#8217;est valable qu&#8217;apr\u00e8s notre r\u00e9servation.<\/p>\n","protected":false},"author":1,"featured_media":0,"parent":286,"menu_order":4,"comment_status":"closed","ping_status":"closed","template":"templates\/reserveren_orangerie.php","meta":{"ngg_post_thumbnail":0,"footnotes":""},"class_list":["post-319","page","type-page","status-publish","hentry"],"_links":{"self":[{"href":"https:\/\/www.hotelgeerts.be\/fr\/wp-json\/wp\/v2\/pages\/319","targetHints":{"allow":["GET"]}}],"collection":[{"href":"https:\/\/www.hotelgeerts.be\/fr\/wp-json\/wp\/v2\/pages"}],"about":[{"href":"https:\/\/www.hotelgeerts.be\/fr\/wp-json\/wp\/v2\/types\/page"}],"author":[{"embeddable":true,"href":"https:\/\/www.hotelgeerts.be\/fr\/wp-json\/wp\/v2\/users\/1"}],"replies":[{"embeddable":true,"href":"https:\/\/www.hotelgeerts.be\/fr\/wp-json\/wp\/v2\/comments?post=319"}],"version-history":[{"count":3,"href":"https:\/\/www.hotelgeerts.be\/fr\/wp-json\/wp\/v2\/pages\/319\/revisions"}],"predecessor-version":[{"id":986,"href":"https:\/\/www.hotelgeerts.be\/fr\/wp-json\/wp\/v2\/pages\/319\/revisions\/986"}],"up":[{"embeddable":true,"href":"https:\/\/www.hotelgeerts.be\/fr\/wp-json\/wp\/v2\/pages\/286"}],"wp:attachment":[{"href":"https:\/\/www.hotelgeerts.be\/fr\/wp-json\/wp\/v2\/media?parent=319"}],"curies":[{"name":"wp","href":"https:\/\/api.w.org\/{rel}","templated":true}]}}